{"id":67,"date":"2020-12-03T11:24:21","date_gmt":"2020-12-03T11:24:21","guid":{"rendered":"https:\/\/www.abww.org\/?page_id=67"},"modified":"2025-02-17T09:35:44","modified_gmt":"2025-02-17T09:35:44","slug":"contributors","status":"publish","type":"page","link":"https:\/\/www.abww.org\/index.php\/contributors\/","title":{"rendered":"Contributors"},"content":{"rendered":"<p>Alexandros Kypriotis<br \/>\nAlexandru Sahighian<br \/>\nAnn Lecker (1973-2025)<br \/>\nAnne Birkenhauer<br \/>\nArth\u00far Bj\u00f6rgvin Bollason<br \/>\nCarla Bessa<br \/>\nCsaba B\u00e1thori<br \/>\nElizabeta Lindner<br \/>\nGayane Ginoyan<br \/>\nHasan Akbari Beiragh<br \/>\nHenning Goldb\u00e6k<br \/>\nIrina Abramenko<br \/>\nKlaske Kamstra<br \/>\nLarissa Fedorenko<br \/>\nMarc Jim\u00e9nez Buzzi<br \/>\nMarcus Tulius Franco Morais<br \/>\nMaria Slavtscheva<br \/>\nMaria Tziaouri-Hilmer<br \/>\nMarta Pera Cucurell<br \/>\nMartina Lisa<br \/>\nMiho Matsunaga<br \/>\nMohammad Hemati<br \/>\nNam Hui Kim<br \/>\nNino Burduli<br \/>\nNoa Kol<br \/>\nOlga Garc\u00eda<br \/>\nPaul\u00edna \u0160. \u010cuhov\u00e1<br \/>\nPenny Black<br \/>\nPrince Kamaazengi Marenga I<br \/>\nRebecca Kjellberg<br \/>\nRegaip Minareci<br \/>\nSalah Helal<br \/>\nShiri Shapira<br \/>\nSilvia Pozzi<br \/>\nSofija \u017divkovi\u0107<br \/>\nSylvia Schlettwein<br \/>\nTarja Roinila (1964-2020)<br \/>\nTong Yali<br \/>\nVanda Ku\u0161pili\u0107<br \/>\nVesna Velkovrh Bukilica<br \/>\nYoon Youngsun<br \/>\nZahra Moeinadini<br \/>\nZhino Ebrahimi<br \/>\n\u017divil\u0117 Gap\u0161ien\u0117<\/p>\n","protected":false},"excerpt":{"rendered":"<p>Alexandros Kypriotis Alexandru Sahighian Ann Lecker (1973-2025) Anne Birkenhauer Arth\u00far Bj\u00f6rgvin Bollason Carla Bessa Csaba B\u00e1thori Elizabeta Lindner Gayane Ginoyan Hasan Akbari Beiragh Henning Goldb\u00e6k Irina Abramenko Klaske Kamstra Larissa Fedorenko Marc Jim\u00e9nez Buzzi Marcus Tulius Franco Morais Maria Slavtscheva Maria Tziaouri-Hilmer Marta Pera Cucurell Martina Lisa Miho Matsunaga Mohammad Hemati Nam Hui Kim Nino &hellip; <\/p>\n<p class=\"link-more\"><a href=\"https:\/\/www.abww.org\/index.php\/contributors\/\" class=\"more-link\">Continue reading<span class=\"screen-reader-text\"> &#8220;Contributors&#8221;<\/span><\/a><\/p>\n","protected":false},"author":1,"featured_media":0,"parent":0,"menu_order":0,"comment_status":"closed","ping_status":"closed","template":"","meta":[],"_links":{"self":[{"href":"https:\/\/www.abww.org\/index.php\/wp-json\/wp\/v2\/pages\/67"}],"collection":[{"href":"https:\/\/www.abww.org\/index.php\/wp-json\/wp\/v2\/pages"}],"about":[{"href":"https:\/\/www.abww.org\/index.php\/wp-json\/wp\/v2\/types\/page"}],"author":[{"embeddable":true,"href":"https:\/\/www.abww.org\/index.php\/wp-json\/wp\/v2\/users\/1"}],"replies":[{"embeddable":true,"href":"https:\/\/www.abww.org\/index.php\/wp-json\/wp\/v2\/comments?post=67"}],"version-history":[{"count":8,"href":"https:\/\/www.abww.org\/index.php\/wp-json\/wp\/v2\/pages\/67\/revisions"}],"predecessor-version":[{"id":86,"href":"https:\/\/www.abww.org\/index.php\/wp-json\/wp\/v2\/pages\/67\/revisions\/86"}],"wp:attachment":[{"href":"https:\/\/www.abww.org\/index.php\/wp-json\/wp\/v2\/media?parent=67"}],"curies":[{"name":"wp","href":"https:\/\/api.w.org\/{rel}","templated":true}]}}